{"id":4,"date":"2015-05-08T13:22:48","date_gmt":"2015-05-08T13:22:48","guid":{"rendered":"http:\/\/localhost\/wordpress\/renovate\/?page_id=4"},"modified":"2025-02-02T18:30:48","modified_gmt":"2025-02-02T22:30:48","slug":"home-2","status":"publish","type":"page","link":"https:\/\/www.starclownonline.com\/en\/","title":{"rendered":"HOME"},"content":{"rendered":"<div class=\"wpb-content-wrapper\"><p>[vc_row type=&#8221;full-width&#8221;][vc_column][rev_slider_vc alias=&#8221;inicio&#8221;][\/vc_column][\/vc_row][vc_row][vc_column]<div class=\"announcement clearfix\">\n\t\t\t\t\t<div class=\"vc_row wpb_row vc_row-fluid\">\n\t\t\t\t\t\t<div class=\"vc_col-sm-9 wpb_column vc_column_container\">\n\t\t\t\t\t\t\t<div class=\"vertical-align\">\n\t\t\t\t\t\t\t\t<div class=\"vertical-align-cell sl-small-wallet\">\n\t\t\t\t\t\t\t\t\t<h3>CUANTO COSTARA MI WEBSITE<\/h3><p class=\"description\">Utilice mi calculadora especial para darse una idea preliminar del valor de su proyecto.<\/p>\n\t\t\t\t\t\t\t\t<\/div>\n\t\t\t\t\t\t\t<\/div>\n\t\t\t\t\t\t<\/div><div class=\"vc_col-sm-3 wpb_column vc_column_container\">\n\t\t\t\t\t\t<div class=\"vertical-align\">\n\t\t\t\t\t\t\t<div class=\"vertical-align-cell\">\n\t\t\t\t\t\t\t\t<a title=\"OBTENGA UNA IDEA\" href=\"https:\/\/www.starclownonline.com\/web-calculator\/\" class=\"more\">OBTENGA UNA IDEA<\/a>\n\t\t\t\t\t\t\t<\/div>\n\t\t\t\t\t\t<\/div>\n\t\t\t\t\t<\/div><\/div>\n\t\t\t<\/div>[\/vc_column][\/vc_row][vc_row top_margin=&#8221;page-margin-top-section&#8221;][vc_column]<h2 class=\"box-header\">PROYECTOS RECIENTES<\/h2>[\/vc_column][\/vc_row][vc_row type=&#8221;full-width&#8221;][vc_column]<ul class=\"projects-list clearfix page-margin-top\"><li>\n\t\t\t<a href=\"https:\/\/www.starclownonline.com\/en\/projects\/cjkk-bridal-y-quinceaneras\/\" title=\"CJKK Bridal and Quinceaneras\">\n\t\t\t\t<img loading=\"lazy\" decoding=\"async\" width=\"480\" height=\"320\" src=\"https:\/\/www.starclownonline.com\/wp-content\/uploads\/2021\/02\/cjkk_website-480x320.jpg\" class=\"attachment-big-thumb size-big-thumb wp-post-image\" alt=\"CJKK Bridal and Quinceaneras\" title=\"\" srcset=\"https:\/\/www.starclownonline.com\/wp-content\/uploads\/2021\/02\/cjkk_website-480x320.jpg 480w, https:\/\/www.starclownonline.com\/wp-content\/uploads\/2021\/02\/cjkk_website-750x500.jpg 750w, https:\/\/www.starclownonline.com\/wp-content\/uploads\/2021\/02\/cjkk_website-570x380.jpg 570w, https:\/\/www.starclownonline.com\/wp-content\/uploads\/2021\/02\/cjkk_website-390x260.jpg 390w, https:\/\/www.starclownonline.com\/wp-content\/uploads\/2021\/02\/cjkk_website-270x180.jpg 270w\" sizes=\"auto, (max-width: 480px) 100vw, 480px\" \/>\n\t\t\t<\/a><div class=\"view align-center\">\n\t\t\t\t\t<div class=\"vertical-align-table\">\n\t\t\t\t\t\t<div class=\"vertical-align-cell\"><p class=\"description\">CJKK Bridal and Quinceaneras<\/p><a class=\"more simple\" href=\"https:\/\/www.starclownonline.com\/en\/projects\/cjkk-bridal-y-quinceaneras\/\" title=\"VER PROYECTO\">VER PROYECTO<\/a><\/div>\n\t\t\t\t\t<\/div>\n\t\t\t\t<\/div><li>\n\t\t\t<a href=\"https:\/\/www.starclownonline.com\/en\/projects\/recetas-salvadorenas\/\" title=\"Recetas Salvadore\u00f1as\">\n\t\t\t\t<img loading=\"lazy\" decoding=\"async\" width=\"480\" height=\"320\" src=\"https:\/\/www.starclownonline.com\/wp-content\/uploads\/2016\/01\/rs_2021-1-480x320.jpg\" class=\"attachment-big-thumb size-big-thumb wp-post-image\" alt=\"Recetas Salvadore\u00f1as\" title=\"\" srcset=\"https:\/\/www.starclownonline.com\/wp-content\/uploads\/2016\/01\/rs_2021-1-480x320.jpg 480w, https:\/\/www.starclownonline.com\/wp-content\/uploads\/2016\/01\/rs_2021-1-570x380.jpg 570w, https:\/\/www.starclownonline.com\/wp-content\/uploads\/2016\/01\/rs_2021-1-390x260.jpg 390w, https:\/\/www.starclownonline.com\/wp-content\/uploads\/2016\/01\/rs_2021-1-270x180.jpg 270w\" sizes=\"auto, (max-width: 480px) 100vw, 480px\" \/>\n\t\t\t<\/a><div class=\"view align-center\">\n\t\t\t\t\t<div class=\"vertical-align-table\">\n\t\t\t\t\t\t<div class=\"vertical-align-cell\"><p class=\"description\">Recetas Salvadore\u00f1as<\/p><a class=\"more simple\" href=\"https:\/\/www.starclownonline.com\/en\/projects\/recetas-salvadorenas\/\" title=\"VER PROYECTO\">VER PROYECTO<\/a><\/div>\n\t\t\t\t\t<\/div>\n\t\t\t\t<\/div><li>\n\t\t\t<a href=\"https:\/\/www.starclownonline.com\/en\/projects\/ossobuco-ristorante\/\" title=\"Ossobuco Ristorante\">\n\t\t\t\t<img loading=\"lazy\" decoding=\"async\" width=\"480\" height=\"320\" src=\"https:\/\/www.starclownonline.com\/wp-content\/uploads\/2020\/12\/Ossobuco_website1-1-480x320.jpg\" class=\"attachment-big-thumb size-big-thumb wp-post-image\" alt=\"Ossobuco Ristorante\" title=\"\" srcset=\"https:\/\/www.starclownonline.com\/wp-content\/uploads\/2020\/12\/Ossobuco_website1-1-480x320.jpg 480w, https:\/\/www.starclownonline.com\/wp-content\/uploads\/2020\/12\/Ossobuco_website1-1-750x500.jpg 750w, https:\/\/www.starclownonline.com\/wp-content\/uploads\/2020\/12\/Ossobuco_website1-1-570x380.jpg 570w, https:\/\/www.starclownonline.com\/wp-content\/uploads\/2020\/12\/Ossobuco_website1-1-390x260.jpg 390w, https:\/\/www.starclownonline.com\/wp-content\/uploads\/2020\/12\/Ossobuco_website1-1-270x180.jpg 270w\" sizes=\"auto, (max-width: 480px) 100vw, 480px\" \/>\n\t\t\t<\/a><div class=\"view align-center\">\n\t\t\t\t\t<div class=\"vertical-align-table\">\n\t\t\t\t\t\t<div class=\"vertical-align-cell\"><p class=\"description\">Ossobuco Ristorante<\/p><a class=\"more simple\" href=\"https:\/\/www.starclownonline.com\/en\/projects\/ossobuco-ristorante\/\" title=\"VER PROYECTO\">VER PROYECTO<\/a><\/div>\n\t\t\t\t\t<\/div>\n\t\t\t\t<\/div><li>\n\t\t\t<a href=\"https:\/\/www.starclownonline.com\/en\/projects\/kr-used-tires\/\" title=\"KR Used Tires\">\n\t\t\t\t<img loading=\"lazy\" decoding=\"async\" width=\"480\" height=\"320\" src=\"https:\/\/www.starclownonline.com\/wp-content\/uploads\/2020\/10\/kr-used-tires-480x320.jpg\" class=\"attachment-big-thumb size-big-thumb wp-post-image\" alt=\"KR Used Tires\" title=\"\" srcset=\"https:\/\/www.starclownonline.com\/wp-content\/uploads\/2020\/10\/kr-used-tires-480x320.jpg 480w, https:\/\/www.starclownonline.com\/wp-content\/uploads\/2020\/10\/kr-used-tires-750x500.jpg 750w, https:\/\/www.starclownonline.com\/wp-content\/uploads\/2020\/10\/kr-used-tires-570x380.jpg 570w, https:\/\/www.starclownonline.com\/wp-content\/uploads\/2020\/10\/kr-used-tires-390x260.jpg 390w, https:\/\/www.starclownonline.com\/wp-content\/uploads\/2020\/10\/kr-used-tires-270x180.jpg 270w\" sizes=\"auto, (max-width: 480px) 100vw, 480px\" \/>\n\t\t\t<\/a><div class=\"view align-center\">\n\t\t\t\t\t<div class=\"vertical-align-table\">\n\t\t\t\t\t\t<div class=\"vertical-align-cell\"><p class=\"description\">KR Used Tires<\/p><a class=\"more simple\" href=\"https:\/\/www.starclownonline.com\/en\/projects\/kr-used-tires\/\" title=\"VER PROYECTO\">VER PROYECTO<\/a><\/div>\n\t\t\t\t\t<\/div>\n\t\t\t\t<\/div><\/ul>[\/vc_column][\/vc_row][vc_row type=&#8221;full-width&#8221; parallax=&#8221;content-moving-fade&#8221; parallax_image=&#8221;2281&#8243; css=&#8221;.vc_custom_1453358282931{background-color: #f5f5f5 !important;}&#8221; el_class=&#8221;align-center padding-top-54 padding-bottom-61&#8243;][vc_column]<a class=\"more\" href=\"https:\/\/www.starclownonline.com\/projects\/\" title=\"VER MI PORTAFOLIO\">VER MI PORTAFOLIO<\/a>[\/vc_column][\/vc_row][vc_row top_margin=&#8221;page-margin-top-section&#8221;][vc_column]<h2 class=\"box-header\">POR QUE ELEGIR MIS SERVICIOS<\/h2>[vc_column_text el_class=&#8221;description align-center&#8221;]Como Desarrolladora Web, me he establecido como una de las profesionales independientes m\u00e1s buscadas y recomendadas en el \u00e1rea de Virginia, Washington DC y Maryland. La raz\u00f3n principal, resultado de alta calidad con un presupuesto ajustado.[\/vc_column_text][\/vc_column][\/vc_row][vc_row][vc_column][vc_column_text]<script type=\"text\/javascript\"> end_(); <\/script>[\/vc_column_text][\/vc_column][\/vc_row][vc_row top_margin=&#8221;page-margin-top&#8221; el_class=&#8221;padding-bottom-66&#8243;][vc_column width=&#8221;1\/3&#8243;]<div class=\"feature-item sl-large-shield feature-item-big\"><div class=\"ornament\"><\/div><h4 class=\"box-header page-margin-top\">+10 A\u00d1OS DE EXPERIENCIA<\/h4><p>En una actualizaci\u00f3n constante de conocimientos, desde que empec\u00e9 con un simple HTML y CSS. Ahora, estoy mas que lista\u00a0para construir el mejor sitio web para cubrir sus expectativas.<\/p><\/div>[\/vc_column][vc_column width=&#8221;1\/3&#8243;]<div class=\"feature-item sl-large-trophy feature-item-big\"><div class=\"ornament\"><\/div><h4 class=\"box-header page-margin-top\">PLATILLAS DE CALIDAD<\/h4><p>No importa qu\u00e9 tipo de gestor de contenidos usted\u00a0decida utilizar, siempre voy a encontrar los dise\u00f1os de plantilla precisas para\u00a0su nuevo sitio. Debido a que su negocio s\u00f3lo merece lo mejor.<\/p><\/div>[\/vc_column][vc_column width=&#8221;1\/3&#8243;]<div class=\"feature-item sl-large-ruler feature-item-big\"><div class=\"ornament\"><\/div><h4 class=\"box-header page-margin-top\">NORMAS PROFESIONALES<\/h4><p>Como profesional, siempre trato a mis clientes con toda honestidad, transparencia y, a veces, puedo ser muy flexible en cuanto a tiempo o presupuesto. Por que todos mis clientes son igual de\u00a0importantes y valiosos.<\/p><\/div>[\/vc_column][\/vc_row]<\/p>\n<\/div>","protected":false},"excerpt":{"rendered":"<p>[vc_row type=&#8221;full-width&#8221;][vc_column][rev_slider_vc alias=&#8221;inicio&#8221;][\/vc_column][\/vc_row][vc_row][vc_column][\/vc_column][\/vc_row][vc_row top_margin=&#8221;page-margin-top-section&#8221;][vc_column][\/vc_column][\/vc_row][vc_row type=&#8221;full-width&#8221;][vc_column][\/vc_column][\/vc_row][vc_row type=&#8221;full-width&#8221; parallax=&#8221;content-moving-fade&#8221; parallax_image=&#8221;2281&#8243; css=&#8221;.vc_custom_1453358282931{background-color: #f5f5f5 !important;}&#8221; el_class=&#8221;align-center padding-top-54 padding-bottom-61&#8243;][vc_column][\/vc_column][\/vc_row][vc_row top_margin=&#8221;page-margin-top-section&#8221;][vc_column][vc_column_text el_class=&#8221;description align-center&#8221;]Como Desarrolladora Web, me he establecido como una de las profesionales independientes m\u00e1s buscadas y recomendadas en el \u00e1rea de Virginia, Washington DC y Maryland. La raz\u00f3n principal, resultado de alta calidad con un presupuesto ajustado.[\/vc_column_text][\/vc_column][\/vc_row][vc_row][vc_column][vc_column_text][\/vc_column_text][\/vc_column][\/vc_row][vc_row top_margin=&#8221;page-margin-top&#8221; el_class=&#8221;padding-bottom-66&#8243;][vc_column width=&#8221;1\/3&#8243;][\/vc_column][vc_column<\/p>\n","protected":false},"author":1,"featured_media":0,"parent":0,"menu_order":0,"comment_status":"closed","ping_status":"open","template":"template-default-without-breadcrumbs.php","meta":{"footnotes":""},"class_list":["post-4","page","type-page","status-publish","hentry"],"_links":{"self":[{"href":"https:\/\/www.starclownonline.com\/en\/wp-json\/wp\/v2\/pages\/4","targetHints":{"allow":["GET"]}}],"collection":[{"href":"https:\/\/www.starclownonline.com\/en\/wp-json\/wp\/v2\/pages"}],"about":[{"href":"https:\/\/www.starclownonline.com\/en\/wp-json\/wp\/v2\/types\/page"}],"author":[{"embeddable":true,"href":"https:\/\/www.starclownonline.com\/en\/wp-json\/wp\/v2\/users\/1"}],"replies":[{"embeddable":true,"href":"https:\/\/www.starclownonline.com\/en\/wp-json\/wp\/v2\/comments?post=4"}],"version-history":[{"count":2,"href":"https:\/\/www.starclownonline.com\/en\/wp-json\/wp\/v2\/pages\/4\/revisions"}],"predecessor-version":[{"id":2710,"href":"https:\/\/www.starclownonline.com\/en\/wp-json\/wp\/v2\/pages\/4\/revisions\/2710"}],"wp:attachment":[{"href":"https:\/\/www.starclownonline.com\/en\/wp-json\/wp\/v2\/media?parent=4"}],"curies":[{"name":"wp","href":"https:\/\/api.w.org\/{rel}","templated":true}]}}